{"id":492,"date":"2024-02-29T21:07:10","date_gmt":"2024-03-01T00:07:10","guid":{"rendered":"https:\/\/engenhomaquinas.com\/?page_id=492"},"modified":"2025-01-25T11:20:02","modified_gmt":"2025-01-25T14:20:02","slug":"sobre","status":"publish","type":"page","link":"https:\/\/engenhomaquinas.com\/es\/sobre\/","title":{"rendered":"Acerca de"},"content":{"rendered":"<div data-elementor-type=\"wp-page\" data-elementor-id=\"492\" class=\"elementor elementor-492\" data-elementor-post-type=\"page\">\n\t\t\t\t<div class=\"elementor-element elementor-element-1166c300 e-flex e-con-boxed e-con e-parent\" data-id=\"1166c300\" data-element_type=\"container\" data-settings=\"{&quot;background_background&quot;:&quot;slideshow&quot;,&quot;background_slideshow_gallery&quot;:[{&quot;id&quot;:1646,&quot;url&quot;:&quot;http:\\\/\\\/www.engenhomaquinas.com\\\/wp-content\\\/uploads\\\/2024\\\/03\\\/Banner02-scaled.jpg&quot;},{&quot;id&quot;:1991,&quot;url&quot;:&quot;http:\\\/\\\/www.engenhomaquinas.com\\\/wp-content\\\/uploads\\\/2024\\\/09\\\/x1.jpg&quot;},{&quot;id&quot;:2000,&quot;url&quot;:&quot;http:\\\/\\\/www.engenhomaquinas.com\\\/wp-content\\\/uploads\\\/2024\\\/09\\\/x10-1.jpg&quot;}],&quot;background_slideshow_loop&quot;:&quot;yes&quot;,&quot;background_slideshow_slide_duration&quot;:5000,&quot;background_slideshow_slide_transition&quot;:&quot;fade&quot;,&quot;background_slideshow_transition_duration&quot;:500}\">\n\t\t\t\t\t<div class=\"e-con-inner\">\n\t\t<div class=\"elementor-element elementor-element-52077ae4 e-con-full e-flex e-con e-child\" data-id=\"52077ae4\" data-element_type=\"container\">\n\t\t\t\t<div class=\"elementor-element elementor-element-ef14c4a elementor-widget__width-initial elementor-widget elementor-widget-heading\" data-id=\"ef14c4a\" data-element_type=\"widget\" data-widget_type=\"heading.default\">\n\t\t\t\t<div class=\"elementor-widget-container\">\n\t\t\t\t\t<h1 class=\"elementor-heading-title elementor-size-default translation-block\">Bienvenido a <br><b>Engenho M\u00e1quinas<\/b><\/h1>\t\t\t\t<\/div>\n\t\t\t\t<\/div>\n\t\t\t\t<div class=\"elementor-element elementor-element-0d97196 elementor-widget elementor-widget-text-editor\" data-id=\"0d97196\" data-element_type=\"widget\" data-widget_type=\"text-editor.default\">\n\t\t\t\t<div class=\"elementor-widget-container\">\n\t\t\t\t\t\t\t\t\t<p data-pm-slice=\"1 1 []\">\u00a1Su mejor opci\u00f3n para soluciones innovadoras y confiables! Nos especializamos en la fabricaci\u00f3n de equipos industriales de alto rendimiento, desarrollados para satisfacer las necesidades de su empresa.<\/p>\t\t\t\t\t\t\t\t<\/div>\n\t\t\t\t<\/div>\n\t\t\t\t<div class=\"elementor-element elementor-element-6fb52f1 elementor-align-left elementor-mobile-align-justify elementor-widget elementor-widget-button\" data-id=\"6fb52f1\" data-element_type=\"widget\" data-widget_type=\"button.default\">\n\t\t\t\t<div class=\"elementor-widget-container\">\n\t\t\t\t\t\t\t\t\t<div class=\"elementor-button-wrapper\">\n\t\t\t\t\t<a class=\"elementor-button elementor-button-link elementor-size-md\" href=\"https:\/\/engenhomaquinas.com\/es\/#orcamento\">\n\t\t\t\t\t\t<span class=\"elementor-button-content-wrapper\">\n\t\t\t\t\t\t<span class=\"elementor-button-icon\">\n\t\t\t\t<svg aria-hidden=\"true\" class=\"e-font-icon-svg e-fas-arrow-right\" viewbox=\"0 0 448 512\" xmlns=\"http:\/\/www.w3.org\/2000\/svg\"><path d=\"M190.5 66.9l22.2-22.2c9.4-9.4 24.6-9.4 33.9 0L441 239c9.4 9.4 9.4 24.6 0 33.9L246.6 467.3c-9.4 9.4-24.6 9.4-33.9 0l-22.2-22.2c-9.5-9.5-9.3-25 .4-34.3L311.4 296H24c-13.3 0-24-10.7-24-24v-32c0-13.3 10.7-24 24-24h287.4L190.9 101.2c-9.8-9.3-10-24.8-.4-34.3z\"><\/path><\/svg>\t\t\t<\/span>\n\t\t\t\t\t\t\t\t\t<span class=\"elementor-button-text\">Solicitar un presupuesto<\/span>\n\t\t\t\t\t<\/span>\n\t\t\t\t\t<\/a>\n\t\t\t\t<\/div>\n\t\t\t\t\t\t\t\t<\/div>\n\t\t\t\t<\/div>\n\t\t\t\t<\/div>\n\t\t\t\t\t<\/div>\n\t\t\t\t<\/div>\n\t\t<div class=\"elementor-element elementor-element-d33583e e-flex e-con-boxed e-con e-parent\" data-id=\"d33583e\" data-element_type=\"container\" data-settings=\"{&quot;background_background&quot;:&quot;classic&quot;}\">\n\t\t\t\t\t<div class=\"e-con-inner\">\n\t\t<div class=\"elementor-element elementor-element-9e3a4dd e-con-full e-flex e-con e-child\" data-id=\"9e3a4dd\" data-element_type=\"container\">\n\t\t\t\t<div class=\"elementor-element elementor-element-25d910d elementor-widget elementor-widget-heading\" data-id=\"25d910d\" data-element_type=\"widget\" data-widget_type=\"heading.default\">\n\t\t\t\t<div class=\"elementor-widget-container\">\n\t\t\t\t\t<h2 class=\"elementor-heading-title elementor-size-default\">\u2015 Motivaci\u00f3n<\/h2>\t\t\t\t<\/div>\n\t\t\t\t<\/div>\n\t\t\t\t<div class=\"elementor-element elementor-element-bcfe3c0 elementor-widget__width-initial elementor-widget elementor-widget-heading\" data-id=\"bcfe3c0\" data-element_type=\"widget\" data-widget_type=\"heading.default\">\n\t\t\t\t<div class=\"elementor-widget-container\">\n\t\t\t\t\t<h2 class=\"elementor-heading-title elementor-size-default\">LO QUE NOS<b> MUEVE<\/b><\/h2>\t\t\t\t<\/div>\n\t\t\t\t<\/div>\n\t\t\t\t<div class=\"elementor-element elementor-element-5710fb9 elementor-widget elementor-widget-text-editor\" data-id=\"5710fb9\" data-element_type=\"widget\" data-widget_type=\"text-editor.default\">\n\t\t\t\t<div class=\"elementor-widget-container\">\n\t\t\t\t\t\t\t\t\t<p>En Engenho M\u00e1quinas nos mueve la pasi\u00f3n de transformar la ingenier\u00eda en soluciones pr\u00e1cticas y eficientes. Cada equipo que dise\u00f1amos es el resultado de un trabajo minucioso, con el objetivo de ofrecer un rendimiento superior y resultados reales para su negocio.<\/p><p>Lo que nos motiva es ver nuestras m\u00e1quinas en acci\u00f3n, generando productividad y \u00e9xito a nuestros clientes. Cada logro es un reflejo de nuestro compromiso con la excelencia y el desarrollo sostenible, asegurando que sus operaciones no s\u00f3lo cumplan, sino que superen las expectativas.<\/p>\t\t\t\t\t\t\t\t<\/div>\n\t\t\t\t<\/div>\n\t\t\t\t<\/div>\n\t\t<div class=\"elementor-element elementor-element-160b9fc e-con-full e-flex e-con e-child\" data-id=\"160b9fc\" data-element_type=\"container\">\n\t\t\t\t<div class=\"elementor-element elementor-element-62a5d15 elementor-widget elementor-widget-image\" data-id=\"62a5d15\" data-element_type=\"widget\" data-widget_type=\"image.default\">\n\t\t\t\t<div class=\"elementor-widget-container\">\n\t\t\t\t\t\t\t\t\t\t\t\t\t\t\t<img fetchpriority=\"high\" decoding=\"async\" width=\"583\" height=\"1024\" src=\"https:\/\/engenhomaquinas.com\/wp-content\/uploads\/2024\/10\/WhatsApp-Image-2024-10-24-at-09.41.22-1-583x1024.jpeg\" class=\"attachment-large size-large wp-image-3067\" alt=\"\" srcset=\"https:\/\/engenhomaquinas.com\/wp-content\/uploads\/2024\/10\/WhatsApp-Image-2024-10-24-at-09.41.22-1-583x1024.jpeg 583w, https:\/\/engenhomaquinas.com\/wp-content\/uploads\/2024\/10\/WhatsApp-Image-2024-10-24-at-09.41.22-1-171x300.jpeg 171w, https:\/\/engenhomaquinas.com\/wp-content\/uploads\/2024\/10\/WhatsApp-Image-2024-10-24-at-09.41.22-1-7x12.jpeg 7w, https:\/\/engenhomaquinas.com\/wp-content\/uploads\/2024\/10\/WhatsApp-Image-2024-10-24-at-09.41.22-1.jpeg 729w\" sizes=\"(max-width: 583px) 100vw, 583px\" \/>\t\t\t\t\t\t\t\t\t\t\t\t\t\t\t<\/div>\n\t\t\t\t<\/div>\n\t\t\t\t<\/div>\n\t\t\t\t\t<\/div>\n\t\t\t\t<\/div>\n\t\t<div class=\"elementor-element elementor-element-9721dc8 e-flex e-con-boxed e-con e-parent\" data-id=\"9721dc8\" data-element_type=\"container\" data-settings=\"{&quot;background_background&quot;:&quot;classic&quot;}\">\n\t\t\t\t\t<div class=\"e-con-inner\">\n\t\t<div class=\"elementor-element elementor-element-690ad43 e-flex e-con-boxed e-con e-child\" data-id=\"690ad43\" data-element_type=\"container\">\n\t\t\t\t\t<div class=\"e-con-inner\">\n\t\t\t\t<div class=\"elementor-element elementor-element-ba9e13f elementor-widget__width-initial elementor-widget elementor-widget-heading\" data-id=\"ba9e13f\" data-element_type=\"widget\" data-widget_type=\"heading.default\">\n\t\t\t\t<div class=\"elementor-widget-container\">\n\t\t\t\t\t<h2 class=\"elementor-heading-title elementor-size-default\">Engenho desde<b> 2008<\/b> <\/h2>\t\t\t\t<\/div>\n\t\t\t\t<\/div>\n\t\t\t\t<div class=\"elementor-element elementor-element-faf02c6 elementor-widget elementor-widget-be-timeline\" data-id=\"faf02c6\" data-element_type=\"widget\" data-widget_type=\"be-timeline.default\">\n\t\t\t\t<div class=\"elementor-widget-container\">\n\t\t\t\t\t<ul class=\"be-pack timeline\">\t\t\t<li class=\"timeline-right\">\n\t\t\t \n\t\t\t<div class=\"tl-circ\"><\/div>\n\t\t\t  <div class=\"timeline-panel\">\n\t\t\t\t<div class=\"tl-heading\">\n\t\t\t\t\t<div class=\"tl-content\">\n\t\t\t\t\t\t\t\t\t\t\t\t<div class=\"be-desc\">\n\t\t\t\t\t\t<h2 class=\"be-title\">2008<\/h2>\t\t\t\t\t\t<div class=\"be-content\">\n\t\t\t\t\t\t\t<p>La empresa inicia sus actividades como proveedor de servicios de torno y fresado.<\/p> \n\t\t\t\t\t\t<\/div>\n\t\t\t\t\t\t<\/div>\n\t\t\t\t\t<\/div>\n\t\t\t\t<\/div>\n\t\t\t  <\/div>\n\t\t\t<\/li>\n\t\t\t\t\t\t\t<li class=\"timeline-inverted\">\n\t\t\t \n\t\t\t<div class=\"tl-circ\"><\/div>\n\t\t\t  <div class=\"timeline-panel\">\n\t\t\t\t<div class=\"tl-heading\">\n\t\t\t\t\t<div class=\"tl-content\">\n\t\t\t\t\t\t\t\t\t\t\t\t<div class=\"be-desc\">\n\t\t\t\t\t\t<h2 class=\"be-title\">2010<\/h2>\t\t\t\t\t\t<div class=\"be-content\">\n\t\t\t\t\t\t\t<p>La empresa construye su primera m\u00e1quina, una Extrusora de Laboratorio para Composites, equipo en funcionamiento en UNICENTRO.<\/p> \n\t\t\t\t\t\t<\/div>\n\t\t\t\t\t\t<\/div>\n\t\t\t\t\t<\/div>\n\t\t\t\t<\/div>\n\t\t\t  <\/div>\n\t\t\t<\/li>\n\t\t\t\t\t\t<li class=\"timeline-right\">\n\t\t\t \n\t\t\t<div class=\"tl-circ\"><\/div>\n\t\t\t  <div class=\"timeline-panel\">\n\t\t\t\t<div class=\"tl-heading\">\n\t\t\t\t\t<div class=\"tl-content\">\n\t\t\t\t\t\t\t\t\t\t\t\t<div class=\"be-desc\">\n\t\t\t\t\t\t<h2 class=\"be-title\">2012<\/h2>\t\t\t\t\t\t<div class=\"be-content\">\n\t\t\t\t\t\t\t<p>Se consolida como fabricante de maquinaria y equipos.<\/p> \n\t\t\t\t\t\t<\/div>\n\t\t\t\t\t\t<\/div>\n\t\t\t\t\t<\/div>\n\t\t\t\t<\/div>\n\t\t\t  <\/div>\n\t\t\t<\/li>\n\t\t\t\t\t\t\t<li class=\"timeline-inverted\">\n\t\t\t \n\t\t\t<div class=\"tl-circ\"><\/div>\n\t\t\t  <div class=\"timeline-panel\">\n\t\t\t\t<div class=\"tl-heading\">\n\t\t\t\t\t<div class=\"tl-content\">\n\t\t\t\t\t\t\t\t\t\t\t\t<div class=\"be-desc\">\n\t\t\t\t\t\t<h2 class=\"be-title\">2015<\/h2>\t\t\t\t\t\t<div class=\"be-content\">\n\t\t\t\t\t\t\t<p>Fundaci\u00f3n de Recipar, industria del reciclaje con fabricaci\u00f3n propia de todos los equipos.<\/p> \n\t\t\t\t\t\t<\/div>\n\t\t\t\t\t\t<\/div>\n\t\t\t\t\t<\/div>\n\t\t\t\t<\/div>\n\t\t\t  <\/div>\n\t\t\t<\/li>\n\t\t\t\t\t\t<li class=\"timeline-right\">\n\t\t\t \n\t\t\t<div class=\"tl-circ\"><\/div>\n\t\t\t  <div class=\"timeline-panel\">\n\t\t\t\t<div class=\"tl-heading\">\n\t\t\t\t\t<div class=\"tl-content\">\n\t\t\t\t\t\t\t\t\t\t\t\t<div class=\"be-desc\">\n\t\t\t\t\t\t<h2 class=\"be-title\">2020<\/h2>\t\t\t\t\t\t<div class=\"be-content\">\n\t\t\t\t\t\t\t<p>Construcci\u00f3n de sede propia.<\/p> \n\t\t\t\t\t\t<\/div>\n\t\t\t\t\t\t<\/div>\n\t\t\t\t\t<\/div>\n\t\t\t\t<\/div>\n\t\t\t  <\/div>\n\t\t\t<\/li>\n\t\t\t\t\t\t\t<li class=\"timeline-inverted\">\n\t\t\t \n\t\t\t<div class=\"tl-circ\"><\/div>\n\t\t\t  <div class=\"timeline-panel\">\n\t\t\t\t<div class=\"tl-heading\">\n\t\t\t\t\t<div class=\"tl-content\">\n\t\t\t\t\t\t\t\t\t\t\t\t<div class=\"be-desc\">\n\t\t\t\t\t\t<h2 class=\"be-title\">2021<\/h2>\t\t\t\t\t\t<div class=\"be-content\">\n\t\t\t\t\t\t\t<p>Desarrollo de la picadora PX 650, una innovadora m\u00e1quina para el reciclaje de pl\u00e1sticos.<\/p> \n\t\t\t\t\t\t<\/div>\n\t\t\t\t\t\t<\/div>\n\t\t\t\t\t<\/div>\n\t\t\t\t<\/div>\n\t\t\t  <\/div>\n\t\t\t<\/li>\n\t\t\t\t\t\t<li class=\"timeline-right\">\n\t\t\t \n\t\t\t<div class=\"tl-circ\"><\/div>\n\t\t\t  <div class=\"timeline-panel\">\n\t\t\t\t<div class=\"tl-heading\">\n\t\t\t\t\t<div class=\"tl-content\">\n\t\t\t\t\t\t\t\t\t\t\t\t<div class=\"be-desc\">\n\t\t\t\t\t\t<h2 class=\"be-title\">2022<\/h2>\t\t\t\t\t\t<div class=\"be-content\">\n\t\t\t\t\t\t\t<p>Construcci\u00f3n del primer equipo de gran tama\u00f1o, la Trituradora de 22 toneladas.<\/p> \n\t\t\t\t\t\t<\/div>\n\t\t\t\t\t\t<\/div>\n\t\t\t\t\t<\/div>\n\t\t\t\t<\/div>\n\t\t\t  <\/div>\n\t\t\t<\/li>\n\t\t\t\t\t\t\t<li class=\"timeline-inverted\">\n\t\t\t \n\t\t\t<div class=\"tl-circ\"><\/div>\n\t\t\t  <div class=\"timeline-panel\">\n\t\t\t\t<div class=\"tl-heading\">\n\t\t\t\t\t<div class=\"tl-content\">\n\t\t\t\t\t\t\t\t\t\t\t\t<div class=\"be-desc\">\n\t\t\t\t\t\t<h2 class=\"be-title\">2024<\/h2>\t\t\t\t\t\t<div class=\"be-content\">\n\t\t\t\t\t\t\t<p>Con sede en Cilla Tech Park, Engenho ampl\u00eda sus actividades, bas\u00e1ndose en la innovaci\u00f3n y producci\u00f3n de proyectos mec\u00e1nicos.<\/p> \n\t\t\t\t\t\t<\/div>\n\t\t\t\t\t\t<\/div>\n\t\t\t\t\t<\/div>\n\t\t\t\t<\/div>\n\t\t\t  <\/div>\n\t\t\t<\/li>\n\t\t\t \n      <\/ul>\n\n\t\t\t\t\t<\/div>\n\t\t\t\t<\/div>\n\t\t\t\t\t<\/div>\n\t\t\t\t<\/div>\n\t\t\t\t\t<\/div>\n\t\t\t\t<\/div>\n\t\t<div class=\"elementor-element elementor-element-48a5ab4 e-flex e-con-boxed e-con e-parent\" data-id=\"48a5ab4\" data-element_type=\"container\" data-settings=\"{&quot;background_background&quot;:&quot;classic&quot;}\">\n\t\t\t\t\t<div class=\"e-con-inner\">\n\t\t<div class=\"elementor-element elementor-element-054bd61 e-con-full e-flex e-con e-child\" data-id=\"054bd61\" data-element_type=\"container\">\n\t\t\t\t<div class=\"elementor-element elementor-element-93f1287 elementor-widget elementor-widget-image\" data-id=\"93f1287\" data-element_type=\"widget\" data-widget_type=\"image.default\">\n\t\t\t\t<div class=\"elementor-widget-container\">\n\t\t\t\t\t\t\t\t\t\t\t\t\t\t\t<img decoding=\"async\" width=\"800\" height=\"609\" src=\"https:\/\/engenhomaquinas.com\/wp-content\/uploads\/2024\/09\/WhatsApp-Image-2024-09-25-at-09.21.52-1024x780.jpeg\" class=\"attachment-large size-large wp-image-2556\" alt=\"\" srcset=\"https:\/\/engenhomaquinas.com\/wp-content\/uploads\/2024\/09\/WhatsApp-Image-2024-09-25-at-09.21.52-1024x780.jpeg 1024w, https:\/\/engenhomaquinas.com\/wp-content\/uploads\/2024\/09\/WhatsApp-Image-2024-09-25-at-09.21.52-300x229.jpeg 300w, https:\/\/engenhomaquinas.com\/wp-content\/uploads\/2024\/09\/WhatsApp-Image-2024-09-25-at-09.21.52-768x585.jpeg 768w, https:\/\/engenhomaquinas.com\/wp-content\/uploads\/2024\/09\/WhatsApp-Image-2024-09-25-at-09.21.52-16x12.jpeg 16w, https:\/\/engenhomaquinas.com\/wp-content\/uploads\/2024\/09\/WhatsApp-Image-2024-09-25-at-09.21.52.jpeg 1280w\" sizes=\"(max-width: 800px) 100vw, 800px\" \/>\t\t\t\t\t\t\t\t\t\t\t\t\t\t\t<\/div>\n\t\t\t\t<\/div>\n\t\t\t\t<\/div>\n\t\t<div class=\"elementor-element elementor-element-29a1192 e-con-full e-flex e-con e-child\" data-id=\"29a1192\" data-element_type=\"container\">\n\t\t\t\t<div class=\"elementor-element elementor-element-a7fd275 elementor-widget__width-initial elementor-widget elementor-widget-heading\" data-id=\"a7fd275\" data-element_type=\"widget\" data-widget_type=\"heading.default\">\n\t\t\t\t<div class=\"elementor-widget-container\">\n\t\t\t\t\t<h2 class=\"elementor-heading-title elementor-size-default\">Nuestra <b>Historia<\/b><\/h2>\t\t\t\t<\/div>\n\t\t\t\t<\/div>\n\t\t\t\t<div class=\"elementor-element elementor-element-acca225 elementor-widget elementor-widget-text-editor\" data-id=\"acca225\" data-element_type=\"widget\" data-widget_type=\"text-editor.default\">\n\t\t\t\t<div class=\"elementor-widget-container\">\n\t\t\t\t\t\t\t\t\t<p>Engenho M\u00e1quinas inici\u00f3 su andadura en 2008, ofreciendo reparaciones y mantenimiento industrial en Guarapuava. Con el tiempo, identificamos la creciente demanda de equipos y comenzamos a desarrollar nuestros propios equipos.<\/p><p>Hoy hemos evolucionado para fabricar una amplia gama de equipos de reciclaje, adem\u00e1s de satisfacer diversas necesidades y nichos industriales. Nuestra trayectoria nos ha consolidado como una empresa vers\u00e1til y especializada, dedicada a ofrecer soluciones de alta calidad para diferentes sectores.<\/p>\t\t\t\t\t\t\t\t<\/div>\n\t\t\t\t<\/div>\n\t\t\t\t<\/div>\n\t\t\t\t\t<\/div>\n\t\t\t\t<\/div>\n\t\t<div class=\"elementor-element elementor-element-4d5d290 e-flex e-con-boxed e-con e-parent\" data-id=\"4d5d290\" data-element_type=\"container\" data-settings=\"{&quot;background_background&quot;:&quot;classic&quot;}\">\n\t\t\t\t\t<div class=\"e-con-inner\">\n\t\t<div class=\"elementor-element elementor-element-855f73c e-con-full e-flex e-con e-child\" data-id=\"855f73c\" data-element_type=\"container\" data-settings=\"{&quot;background_background&quot;:&quot;classic&quot;}\">\n\t\t<div class=\"elementor-element elementor-element-dac0fee e-con-full e-flex e-con e-child\" data-id=\"dac0fee\" data-element_type=\"container\">\n\t\t\t\t<div class=\"elementor-element elementor-element-186ef2d elementor-widget__width-initial elementor-widget elementor-widget-image\" data-id=\"186ef2d\" data-element_type=\"widget\" data-widget_type=\"image.default\">\n\t\t\t\t<div class=\"elementor-widget-container\">\n\t\t\t\t\t\t\t\t\t\t\t\t\t\t\t<img decoding=\"async\" width=\"85\" height=\"85\" src=\"https:\/\/engenhomaquinas.com\/wp-content\/uploads\/2024\/03\/moppers-about-icon-1.png\" class=\"attachment-large size-large wp-image-599\" alt=\"\" \/>\t\t\t\t\t\t\t\t\t\t\t\t\t\t\t<\/div>\n\t\t\t\t<\/div>\n\t\t\t\t<\/div>\n\t\t<div class=\"elementor-element elementor-element-a6714d9 e-con-full e-flex e-con e-child\" data-id=\"a6714d9\" data-element_type=\"container\">\n\t\t\t\t<div class=\"elementor-element elementor-element-a871490 elementor-widget elementor-widget-heading\" data-id=\"a871490\" data-element_type=\"widget\" data-widget_type=\"heading.default\">\n\t\t\t\t<div class=\"elementor-widget-container\">\n\t\t\t\t\t<h2 class=\"elementor-heading-title elementor-size-default\">Misi\u00f3n<\/h2>\t\t\t\t<\/div>\n\t\t\t\t<\/div>\n\t\t\t\t<div class=\"elementor-element elementor-element-be61848 elementor-widget elementor-widget-text-editor\" data-id=\"be61848\" data-element_type=\"widget\" data-widget_type=\"text-editor.default\">\n\t\t\t\t<div class=\"elementor-widget-container\">\n\t\t\t\t\t\t\t\t\t<p>Desarrollar soluciones innovadoras y optimizadoras para el procesamiento de residuos industriales, contribuyendo a la preservaci\u00f3n del medio ambiente y al progreso de las industrias.<\/p>\t\t\t\t\t\t\t\t<\/div>\n\t\t\t\t<\/div>\n\t\t\t\t<\/div>\n\t\t\t\t<\/div>\n\t\t<div class=\"elementor-element elementor-element-7c723ba e-con-full e-flex e-con e-child\" data-id=\"7c723ba\" data-element_type=\"container\" data-settings=\"{&quot;background_background&quot;:&quot;classic&quot;}\">\n\t\t<div class=\"elementor-element elementor-element-523a19d e-con-full e-flex e-con e-child\" data-id=\"523a19d\" data-element_type=\"container\">\n\t\t\t\t<div class=\"elementor-element elementor-element-d6f423f elementor-widget__width-initial elementor-widget elementor-widget-image\" data-id=\"d6f423f\" data-element_type=\"widget\" data-widget_type=\"image.default\">\n\t\t\t\t<div class=\"elementor-widget-container\">\n\t\t\t\t\t\t\t\t\t\t\t\t\t\t\t<img loading=\"lazy\" decoding=\"async\" width=\"800\" height=\"456\" src=\"https:\/\/engenhomaquinas.com\/wp-content\/uploads\/2024\/03\/visao@4x-8-1024x584.png\" class=\"attachment-large size-large wp-image-871\" alt=\"\" srcset=\"https:\/\/engenhomaquinas.com\/wp-content\/uploads\/2024\/03\/visao@4x-8-1024x584.png 1024w, https:\/\/engenhomaquinas.com\/wp-content\/uploads\/2024\/03\/visao@4x-8-300x171.png 300w, https:\/\/engenhomaquinas.com\/wp-content\/uploads\/2024\/03\/visao@4x-8-768x438.png 768w, https:\/\/engenhomaquinas.com\/wp-content\/uploads\/2024\/03\/visao@4x-8-1536x877.png 1536w, https:\/\/engenhomaquinas.com\/wp-content\/uploads\/2024\/03\/visao@4x-8-2048x1169.png 2048w\" sizes=\"(max-width: 800px) 100vw, 800px\" \/>\t\t\t\t\t\t\t\t\t\t\t\t\t\t\t<\/div>\n\t\t\t\t<\/div>\n\t\t\t\t<\/div>\n\t\t<div class=\"elementor-element elementor-element-2605634 e-con-full e-flex e-con e-child\" data-id=\"2605634\" data-element_type=\"container\">\n\t\t\t\t<div class=\"elementor-element elementor-element-dc12685 elementor-widget elementor-widget-heading\" data-id=\"dc12685\" data-element_type=\"widget\" data-widget_type=\"heading.default\">\n\t\t\t\t<div class=\"elementor-widget-container\">\n\t\t\t\t\t<h2 class=\"elementor-heading-title elementor-size-default\">Visi\u00f3n<\/h2>\t\t\t\t<\/div>\n\t\t\t\t<\/div>\n\t\t\t\t<div class=\"elementor-element elementor-element-a33438b elementor-widget elementor-widget-text-editor\" data-id=\"a33438b\" data-element_type=\"widget\" data-widget_type=\"text-editor.default\">\n\t\t\t\t<div class=\"elementor-widget-container\">\n\t\t\t\t\t\t\t\t\t<p>Ser reconocidos como referente mundial en tecnolog\u00eda de trituraci\u00f3n y reciclaje de residuos, ofreciendo productos de alta calidad y compromiso con la excelencia.<\/p>\t\t\t\t\t\t\t\t<\/div>\n\t\t\t\t<\/div>\n\t\t\t\t<\/div>\n\t\t\t\t<\/div>\n\t\t<div class=\"elementor-element elementor-element-ebe6783 e-con-full e-flex e-con e-child\" data-id=\"ebe6783\" data-element_type=\"container\" data-settings=\"{&quot;background_background&quot;:&quot;classic&quot;}\">\n\t\t<div class=\"elementor-element elementor-element-275c733 e-con-full e-flex e-con e-child\" data-id=\"275c733\" data-element_type=\"container\">\n\t\t\t\t<div class=\"elementor-element elementor-element-3546dbf elementor-widget__width-initial elementor-widget elementor-widget-image\" data-id=\"3546dbf\" data-element_type=\"widget\" data-widget_type=\"image.default\">\n\t\t\t\t<div class=\"elementor-widget-container\">\n\t\t\t\t\t\t\t\t\t\t\t\t\t\t\t<img loading=\"lazy\" decoding=\"async\" width=\"85\" height=\"85\" src=\"https:\/\/engenhomaquinas.com\/wp-content\/uploads\/2024\/03\/moppers-about-icon-2.png\" class=\"attachment-large size-large wp-image-600\" alt=\"\" \/>\t\t\t\t\t\t\t\t\t\t\t\t\t\t\t<\/div>\n\t\t\t\t<\/div>\n\t\t\t\t<\/div>\n\t\t<div class=\"elementor-element elementor-element-01ae0a2 e-con-full e-flex e-con e-child\" data-id=\"01ae0a2\" data-element_type=\"container\">\n\t\t\t\t<div class=\"elementor-element elementor-element-f028bf8 elementor-widget elementor-widget-heading\" data-id=\"f028bf8\" data-element_type=\"widget\" data-widget_type=\"heading.default\">\n\t\t\t\t<div class=\"elementor-widget-container\">\n\t\t\t\t\t<h2 class=\"elementor-heading-title elementor-size-default\">Valores<\/h2>\t\t\t\t<\/div>\n\t\t\t\t<\/div>\n\t\t\t\t<div class=\"elementor-element elementor-element-7724d10 elementor-widget elementor-widget-text-editor\" data-id=\"7724d10\" data-element_type=\"widget\" data-widget_type=\"text-editor.default\">\n\t\t\t\t<div class=\"elementor-widget-container\">\n\t\t\t\t\t\t\t\t\t<p class=\"translation-block\">Fiabilidad;<br>Innovaci\u00f3n tecnol\u00f3gica;<br>Optimizaci\u00f3n de procesos;<br>Sostenibilidad;<br>Compromiso con el cliente.<\/p>\t\t\t\t\t\t\t\t<\/div>\n\t\t\t\t<\/div>\n\t\t\t\t<\/div>\n\t\t\t\t<\/div>\n\t\t\t\t\t<\/div>\n\t\t\t\t<\/div>\n\t\t\t\t<\/div>","protected":false},"excerpt":{"rendered":"<p>Bem vindo \u00e0 Engenho M\u00e1quinas Sua principal escolha para solu\u00e7\u00f5es inovadoras e confi\u00e1veis! Somos especializados na fabrica\u00e7\u00e3o de equipamentos industriais de alta performance, desenvolvidos para atender \u00e0s necessidades da sua empresa. Solicitar um or\u00e7amento \u2015 Motiva\u00e7\u00e3o O QUE NOS MOVE Na Engenho M\u00e1quinas, somos movidos pela paix\u00e3o de transformar engenharia em solu\u00e7\u00f5es pr\u00e1ticas e eficientes. [&hellip;]<\/p>","protected":false},"author":1,"featured_media":0,"parent":0,"menu_order":0,"comment_status":"closed","ping_status":"closed","template":"","meta":{"footnotes":""},"class_list":["post-492","page","type-page","status-publish","hentry"],"_links":{"self":[{"href":"https:\/\/engenhomaquinas.com\/es\/wp-json\/wp\/v2\/pages\/492","targetHints":{"allow":["GET"]}}],"collection":[{"href":"https:\/\/engenhomaquinas.com\/es\/wp-json\/wp\/v2\/pages"}],"about":[{"href":"https:\/\/engenhomaquinas.com\/es\/wp-json\/wp\/v2\/types\/page"}],"author":[{"embeddable":true,"href":"https:\/\/engenhomaquinas.com\/es\/wp-json\/wp\/v2\/users\/1"}],"replies":[{"embeddable":true,"href":"https:\/\/engenhomaquinas.com\/es\/wp-json\/wp\/v2\/comments?post=492"}],"version-history":[{"count":238,"href":"https:\/\/engenhomaquinas.com\/es\/wp-json\/wp\/v2\/pages\/492\/revisions"}],"predecessor-version":[{"id":3143,"href":"https:\/\/engenhomaquinas.com\/es\/wp-json\/wp\/v2\/pages\/492\/revisions\/3143"}],"wp:attachment":[{"href":"https:\/\/engenhomaquinas.com\/es\/wp-json\/wp\/v2\/media?parent=492"}],"curies":[{"name":"wp","href":"https:\/\/api.w.org\/{rel}","templated":true}]}}